{"id":6,"date":"2019-11-07T12:40:15","date_gmt":"2019-11-07T12:40:15","guid":{"rendered":"https:\/\/www.kangaskukkula.fi\/?page_id=6"},"modified":"2025-11-24T16:18:50","modified_gmt":"2025-11-24T16:18:50","slug":"etusivu","status":"publish","type":"page","link":"https:\/\/www.kangaskukkula.fi\/","title":{"rendered":"Etusivu"},"content":{"rendered":"<figure>\n\t\t\t\t\t\t\t\t\t\t<img decoding=\"async\" src=\"https:\/\/www.kangaskukkula.fi\/wp-content\/uploads\/elementor\/thumbs\/6647_small-scaled-p6pi6kusyx4xpr4n3hk9ydhj3jtd0p2pjv7g5977go.jpg\" title=\"6647_small\" alt=\"6647_small\"><figcaption>Vallila kaupunkikuosit &#8211; Tornio<\/figcaption><\/figure>\n<h2>Laajan valikoiman kangaskauppa<\/h2>\n<p>Kangaskukkula on palveleva kangas- ja k\u00e4sity\u00f6tarvikekauppa.&nbsp;Laajasta valikoimastamme l\u00f6ytyy niin kankaita kuin ompleutarvikkeita, &nbsp;laadukkaita lankoja, sek\u00e4 kaikki tarvittava maton kudontaan. Meilt\u00e4 l\u00f6yd\u00e4t my\u00f6s valmiita tuotteita.<\/p>\n<p>Laajan tuotevalikoiman lis\u00e4ksi tarjoamme esimerkiksi ompelu- ja verhoilupalveluita.<\/p>\n<p>Tule k\u00e4ym\u00e4\u00e4n Tornion liikkeess\u00e4mme niin asiantuntevat myyj\u00e4mme auttavat l\u00f6yt\u00e4m\u00e4\u00e4n tyylikk\u00e4imm\u00e4t ja sopivimmat tuotteet ja ratkaisut kaikkiin k\u00e4sity\u00f6tarpeisiin.<\/p>\n<h3>Tuotteet<\/h3>\n<ul>\n<li>Kankaat (trikoo-, verhoilu-, sisustus-, ulko-, erikois- ja pukukankaat)<\/li>\n<li>Ompelutarvikkeet<\/li>\n<li>Neulelangat ja neulontatarvikkeet<\/li>\n<li>Verhot ja verhokankaat<\/li>\n<li>Lakanat ja lakanakankaat<\/li>\n<li>Vahakankaat ja kermit<\/li>\n<li>Matot ja matonkuteet<\/li>\n<\/ul>\n<h3>Palvelut<\/h3>\n<ul>\n<li>Ompelupalvelu (kangas- ja verhotuotteille)<\/li>\n<li dir=\"auto\">Sisustuspalvelu<\/li>\n<li dir=\"auto\">Verhoilupalvelu<\/li>\n<li dir=\"auto\">Ompelukoneiden&nbsp;korjauspalvelu<\/li>\n<\/ul>\n<h4>Seuraa meit\u00e4 somessa ja kuulet ensimm\u00e4isen\u00e4 tarjouksista!<\/h4>\n<h3>Tornio<\/h3>\n<p><iframe frameborder=\"0\" scrolling=\"no\" marginheight=\"0\" marginwidth=\"0\" src=\"https:\/\/maps.google.com\/maps?q=J%C3%A4%C3%A4k%C3%A4rinkatu%2012%20Tornio&amp;t=m&amp;z=10&amp;output=embed&amp;iwloc=near\" title=\"J\u00e4\u00e4k\u00e4rinkatu 12 Tornio\" aria-label=\"J\u00e4\u00e4k\u00e4rinkatu 12 Tornio\"><\/iframe><\/p>\n<h2>Ota yhteytt\u00e4<\/h2>\n<p>Soita 045 884 0007<\/p>\n<p>S\u00e4hk\u00f6posti:&nbsp; asiakaspalvelu(a)kangaskukkula.fi<\/p>\n<p style=\"text-align: left;\">ma-pe 10-17<\/p>\n<p>la 10-14<\/p>\n<p>su suljettu<\/p>\n<p>Poikkeusaukioloajat n\u00e4et Facebook-sivultamme<\/p>\n","protected":false},"excerpt":{"rendered":"<p>Vallila kaupunkikuosit &#8211; Tornio Laajan valikoiman kangaskauppa Kangaskukkula on palveleva kangas- ja k\u00e4sity\u00f6tarvikekauppa.&nbsp;Laajasta valikoimastamme l\u00f6ytyy niin kankaita kuin ompleutarvikkeita, &nbsp;laadukkaita lankoja, sek\u00e4 kaikki tarvittava maton kudontaan. Meilt\u00e4 l\u00f6yd\u00e4t my\u00f6s valmiita tuotteita. Laajan tuotevalikoiman lis\u00e4ksi tarjoamme esimerkiksi ompelu- ja verhoilupalveluita. Tule k\u00e4ym\u00e4\u00e4n Tornion liikkeess\u00e4mme niin asiantuntevat myyj\u00e4mme auttavat l\u00f6yt\u00e4m\u00e4\u00e4n tyylikk\u00e4imm\u00e4t ja sopivimmat tuotteet ja ratkaisut kaikkiin &hellip;<\/p>\n<p class=\"read-more\"> <a class=\"\" href=\"https:\/\/www.kangaskukkula.fi\/\"> <span class=\"screen-reader-text\">Etusivu<\/span> Lue lis\u00e4\u00e4 &raquo;<\/a><\/p>\n","protected":false},"author":1,"featured_media":0,"parent":0,"menu_order":0,"comment_status":"closed","ping_status":"closed","template":"","meta":{"footnotes":""},"class_list":["post-6","page","type-page","status-publish","hentry"],"_links":{"self":[{"href":"https:\/\/www.kangaskukkula.fi\/index.php?rest_route=\/wp\/v2\/pages\/6","targetHints":{"allow":["GET"]}}],"collection":[{"href":"https:\/\/www.kangaskukkula.fi\/index.php?rest_route=\/wp\/v2\/pages"}],"about":[{"href":"https:\/\/www.kangaskukkula.fi\/index.php?rest_route=\/wp\/v2\/types\/page"}],"author":[{"embeddable":true,"href":"https:\/\/www.kangaskukkula.fi\/index.php?rest_route=\/wp\/v2\/users\/1"}],"replies":[{"embeddable":true,"href":"https:\/\/www.kangaskukkula.fi\/index.php?rest_route=%2Fwp%2Fv2%2Fcomments&post=6"}],"version-history":[{"count":83,"href":"https:\/\/www.kangaskukkula.fi\/index.php?rest_route=\/wp\/v2\/pages\/6\/revisions"}],"predecessor-version":[{"id":177,"href":"https:\/\/www.kangaskukkula.fi\/index.php?rest_route=\/wp\/v2\/pages\/6\/revisions\/177"}],"wp:attachment":[{"href":"https:\/\/www.kangaskukkula.fi\/index.php?rest_route=%2Fwp%2Fv2%2Fmedia&parent=6"}],"curies":[{"name":"wp","href":"https:\/\/api.w.org\/{rel}","templated":true}]}}